{"id":3032,"date":"2024-12-22T08:09:32","date_gmt":"2024-12-22T07:09:32","guid":{"rendered":"https:\/\/www.laravel-entwickler.de\/hvordan-vi-som-offshore-outsourcing-virksomhed-stoetter-tyske-bureauer-og-it-tjenesteudbydere-i-deres-soegen-efter-laravel-udviklere-i-indien\/"},"modified":"2024-12-22T08:16:58","modified_gmt":"2024-12-22T07:16:58","slug":"hvordan-vi-som-offshore-outsourcing-virksomhed-stoetter-tyske-bureauer-og-it-tjenesteudbydere-i-deres-soegen-efter-laravel-udviklere-i-indien","status":"publish","type":"page","link":"https:\/\/www.laravel-entwickler.de\/da\/","title":{"rendered":"Hvordan vi som offshore outsourcing-virksomhed st\u00f8tter tyske bureauer og IT-tjenesteudbydere i deres s\u00f8gen efter Laravel-udviklere i Indien"},"content":{"rendered":"\n<h2 class=\"wp-block-heading\">Hvordan vi som offshore outsourcing-virksomhed st\u00f8tter tyske bureauer og IT-tjenesteudbydere i deres s\u00f8gen efter Laravel-udviklere i Indien<\/h2>\n<div class=\"wp-block-image\">\n<figure class=\"aligncenter size-full\"><img loading=\"lazy\" decoding=\"async\" width=\"575\" height=\"300\" src=\"https:\/\/www.laravel-entwickler.de\/wp-content\/uploads\/2024\/12\/Laravel-Entwickler.jpg\" alt=\"\" class=\"wp-image-3004\" srcset=\"https:\/\/www.laravel-entwickler.de\/wp-content\/uploads\/2024\/12\/Laravel-Entwickler.jpg 575w, https:\/\/www.laravel-entwickler.de\/wp-content\/uploads\/2024\/12\/Laravel-Entwickler-300x157.jpg 300w\" sizes=\"auto, (max-width: 575px) 100vw, 575px\" \/><\/figure><\/div>\n<p>Teknologiske fremskridt og den fortsatte mangel p\u00e5 kvalificeret arbejdskraft i Europa, is\u00e6r i Tyskland, har f\u00e5et virksomheder til at bruge innovative metoder som offshore outsourcing til at opfylde deres it-behov. Ved at arbejde med offshore outsourcing-virksomheder kan tyske bureauer og IT-serviceudbydere f\u00e5 adgang til dygtige udviklere og samtidig reducere omkostningerne.   <\/p>\n\n<p>Is\u00e6r Laravel-udviklere er meget efterspurgte p\u00e5 grund af denne PHP-rammes voksende popularitet. Her vil vi gerne vise, hvordan offshore outsourcing-virksomheder som vores hj\u00e6lper med at finde disse specialister i Indien og effektivt integrere dem i projekter. <\/p>\n\n<h3 class=\"wp-block-heading\"><strong>Hvorfor Laravel?<\/strong><\/h3>\n\n<p>Laravel er et moderne, alsidigt og kraftfuldt PHP-framework, der forenkler udviklingen af webapplikationer. Det er kendetegnet ved sin klare syntaks, omfattende funktioner og v\u00e6rkt\u00f8jer som Eloquent ORM, Blade Templates og integreret sikkerhed. Virksomheder bruger Laravel til at skabe skalerbare, h\u00f8jtydende og vedligeholdelsesvenlige applikationer. Eftersp\u00f8rgslen efter kvalificerede Laravel-udviklere er steget p\u00e5 verdensplan, og tyske bureauer og IT-tjenesteudbydere st\u00e5r over for udfordringen med at finde de rette talenter.   <\/p>\n\n<h3 class=\"wp-block-heading\"><strong>Udfordringer for tyske virksomheder<\/strong><\/h3>\n\n<ol start=\"1\" class=\"wp-block-list\">\n<li><strong>Mangel p\u00e5 kvalificeret arbejdskraft<\/strong>: Tyskland lider under en massiv mangel p\u00e5 IT-specialister. Eftersp\u00f8rgslen er st\u00f8rre end udbuddet, hvilket f\u00f8rer til l\u00e6ngere rekrutteringscyklusser og h\u00f8jere l\u00f8nomkostninger. <\/li>\n\n\n\n<li><strong>Omkostninger<\/strong>: L\u00f8nforventningerne til Laravel-udviklere i Tyskland er ofte h\u00f8je, is\u00e6r for sm\u00e5 og mellemstore virksomheder og start-ups.<\/li>\n\n\n\n<li><strong>Tidsforbrug<\/strong>: Rekrutteringsprocessen kan v\u00e6re tidskr\u00e6vende, hvilket kan forsinke projekter.<\/li>\n\n\n\n<li><strong>Manglende specialisering<\/strong>: Det er sv\u00e6rt at finde udviklere med specialiseret erfaring i Laravel.<\/li>\n<\/ol>\n\n<h3 class=\"wp-block-heading\"><strong>Fordele ved at arbejde med en offshore outsourcing-virksomhed i Indien<\/strong><\/h3>\n\n<p>Indien har etableret sig som et globalt center for IT-tjenester og tilbyder et stort antal dygtige softwareudviklere, herunder Laravel-eksperter. Her er de fordele, vi tilbyder som en offshore outsourcing-virksomhed: <\/p>\n\n<ol start=\"1\" class=\"wp-block-list\">\n<li><strong>Adgang til en stor talentmasse<\/strong>: Indien har et stort antal h\u00f8jt kvalificerede udviklere, som er fortrolige med de nyeste teknologier og frameworks som Laravel.<\/li>\n\n\n\n<li><strong>Omkostningseffektivitet<\/strong>: Arbejdsomkostningerne i Indien er betydeligt lavere end i Tyskland. Det giver virksomhederne mulighed for at udnytte deres IT-budgetter bedre og stadig opn\u00e5 resultater af h\u00f8j kvalitet. <\/li>\n\n\n\n<li><strong>IT-bemanding<\/strong>: Vi tilbyder den s\u00e5kaldte IT-bemandingsmodel, hvor du kan udvide dine teams med programm\u00f8rer i Indien.<\/li>\n\n\n\n<li><strong>Skalerbarhed<\/strong>: Med vores netv\u00e6rk kan vi reagere hurtigt p\u00e5 \u00e6ndrede krav og skalere teams.<\/li>\n<\/ol>\n<div class=\"wp-block-image\">\n<figure class=\"aligncenter size-full\"><img loading=\"lazy\" decoding=\"async\" width=\"575\" height=\"300\" src=\"https:\/\/www.laravel-entwickler.de\/wp-content\/uploads\/2024\/12\/IT-Outsourcing.jpg\" alt=\"\" class=\"wp-image-3016\" srcset=\"https:\/\/www.laravel-entwickler.de\/wp-content\/uploads\/2024\/12\/IT-Outsourcing.jpg 575w, https:\/\/www.laravel-entwickler.de\/wp-content\/uploads\/2024\/12\/IT-Outsourcing-300x157.jpg 300w\" sizes=\"auto, (max-width: 575px) 100vw, 575px\" \/><\/figure><\/div>\n<h3 class=\"wp-block-heading\"><strong>S\u00e5dan finder vi den rigtige Laravel-udvikler<\/strong><\/h3>\n\n<p>Vores metode til at identificere og rekruttere Laravel-udviklere best\u00e5r af flere trin:<\/p>\n\n<ol start=\"1\" class=\"wp-block-list\">\n<li><strong>Behovsanalyse<\/strong> Vi starter med en detaljeret diskussion for at forst\u00e5 kundens specifikke behov. Hvilken type Laravel-projekt skal implementeres? Er der behov for s\u00e6rlig viden om f.eks. API-integration, e-handelsplatforme eller migrationer?  <\/li>\n\n\n\n<li><strong>Adgang til et etableret<\/strong> netv\u00e6rk Gennem vores omfattende netv\u00e6rk i it-branchen i Indien har vi adgang til en bred vifte af talenter. Vi bruger gennempr\u00f8vede platforme, henvisninger og databaser til at identificere de bedste kandidater. <\/li>\n\n\n\n<li><strong>Teknisk evaluering<\/strong> Vores erfarne tekniske rekrutteringsmedarbejdere tjekker kandidaternes f\u00e6rdigheder gennem tekniske tests, kodegennemgange og live-kodningsinterviews. Der l\u00e6gges s\u00e6rlig v\u00e6gt p\u00e5 ekspertise i Laravel samt andre relevante teknologier som MySQL, Vue.js, Docker og AWS. <\/li>\n\n\n\n<li><strong>Kulturel tilpasning og kommunikation<\/strong> Ud over tekniske f\u00e6rdigheder l\u00e6gger vi stor v\u00e6gt p\u00e5 kulturel tilpasning og kommunikationsevner. Da udviklerne arbejder t\u00e6t sammen med de tyske teams, er det vigtigt, at de taler flydende engelsk og har forst\u00e5else for den m\u00e5de, europ\u00e6iske virksomheder arbejder p\u00e5. <\/li>\n\n\n\n<li><strong>Onboarding og support<\/strong> S\u00e5 snart en udvikler er valgt, st\u00f8tter vi onboardingprocessen, s\u00e5 samarbejdet forl\u00f8ber gnidningsl\u00f8st. Vi s\u00f8rger for, at udviklerne har adgang til de n\u00f8dvendige v\u00e6rkt\u00f8jer og ressourcer, og at de hurtigt integreres i eksisterende teams. <\/li>\n<\/ol>\n\n<h3 class=\"wp-block-heading\"><strong>Succeshistorier<\/strong><\/h3>\n\n<p>Nogle af vores tidligere projekter illustrerer, hvor effektiv offshore-outsourcing kan v\u00e6re i praksis:<\/p>\n\n<ul class=\"wp-block-list\">\n<li><strong>Projekt: Udvikling af en e-handelsplatform<\/strong> En tysk IT-tjenesteudbyder var p\u00e5 udkig efter en Laravel-ekspert til at udvikle en skalerbar e-handelsplatform. I l\u00f8bet af to uger kunne vi levere en erfaren udvikler, som med succes f\u00e6rdiggjorde platformen inden for den aftalte tidsramme og det aftalte budget. <\/li>\n\n\n\n<li><strong>Projekt: API-integration<\/strong> Et digitalt bureau i Tyskland havde brug for hj\u00e6lp til at integrere komplekse API&#8217;er i et eksisterende Laravel-system. Vores udviklere leverede pr\u00e6cise og effektive l\u00f8sninger, der \u00f8gede produktiviteten i bureauets team. <\/li>\n<\/ul>\n\n<h3 class=\"wp-block-heading\"><strong>Samarbejde: gennemsigtighed og kommunikation<\/strong><\/h3>\n\n<p>T\u00e6t samarbejde og klar kommunikation er afg\u00f8rende for, at offshore-projekter bliver en succes. Det s\u00f8rger vi for: <\/p>\n\n<ol start=\"1\" class=\"wp-block-list\">\n<li><strong>Regelm\u00e6ssige opdateringer<\/strong>: Vores udviklere bruger de samme v\u00e6rkt\u00f8jer som dig (f.eks. Jira, Trello eller Asana) til at spore opgaver og visualisere fremskridt p\u00e5 en gennemskuelig m\u00e5de.<\/li>\n\n\n\n<li><strong>Gennemsigtighed<\/strong>: Vi er gennemsigtige i vores samarbejde med dig og dit team.<\/li>\n\n\n\n<li><strong>Kvalitetssikring<\/strong>: Vi anbefaler, at du har en intern programm\u00f8r, som koordinerer opgaverne med udviklerne i Indien. Hvis virksomhedsejeren er ansvarlig for kvalitetssikring, b\u00f8r denne person v\u00e6re fortrolig med programmering. <\/li>\n<\/ol>\n\n<h3 class=\"wp-block-heading\"><strong>Konklusion<\/strong><\/h3>\n\n<p>Samarbejde med en offshore outsourcing-virksomhed kan v\u00e6re n\u00f8glen til at l\u00f8se manglen p\u00e5 kompetencer for tyske bureauer og IT-serviceudbydere. Indien tilbyder et enormt antal kvalificerede Laravel-udviklere, som er klar til at st\u00f8tte komplekse projekter med ekspertise og engagement. <\/p>\n\n<p>Vores virksomhed er dedikeret til at hj\u00e6lpe tyske kunder med at finde de bedste talenter og give dem en fleksibel, omkostningseffektiv l\u00f8sning af h\u00f8j kvalitet. Hvis du er p\u00e5 udkig efter en erfaren Laravel-udvikler eller har brug for et komplet team, st\u00e5r vi til din r\u00e5dighed. Sammen kan vi realisere dine projekter med succes og skabe en konkurrencem\u00e6ssig fordel.  <\/p>\n\n<p>Kontakt os via kalenderformularen:<\/p>\n\n<!-- Calendly Inline-Widget Beginn -->\n<div class=\"calendly-inline-widget\" data-url=\"https:\/\/calendly.com\/yuhiro\/30_min?hide_event_type_details=1&#038;hide_gdpr_banner=1\" style=\"min-width:320px;height:700px;\"><\/div>\n<script type=\"text\/javascript\" src=\"https:\/\/assets.calendly.com\/assets\/external\/widget.js\" async=\"\"><\/script><!-- Calendly Inline-Widget Ende -->","protected":false},"excerpt":{"rendered":"<p>Hvordan vi som offshore outsourcing-virksomhed st\u00f8tter tyske bureauer og IT-tjenesteudbydere i deres s\u00f8gen efter Laravel-udviklere i Indien Teknologiske fremskridt og den fortsatte mangel p\u00e5 kvalificeret arbejdskraft i Europa, is\u00e6r i Tyskland, har f\u00e5et virksomheder til at bruge innovative metoder som offshore outsourcing til at opfylde deres it-behov.<\/p>\n","protected":false},"author":1,"featured_media":3005,"parent":0,"menu_order":0,"comment_status":"closed","ping_status":"closed","template":"page-FullWidth.php","meta":{"_monsterinsights_skip_tracking":false,"_monsterinsights_sitenote_active":false,"_monsterinsights_sitenote_note":"","_monsterinsights_sitenote_category":0,"footnotes":""},"class_list":["post-3032","page","type-page","status-publish","has-post-thumbnail","hentry"],"aioseo_notices":[],"_links":{"self":[{"href":"https:\/\/www.laravel-entwickler.de\/da\/wp-json\/wp\/v2\/pages\/3032","targetHints":{"allow":["GET"]}}],"collection":[{"href":"https:\/\/www.laravel-entwickler.de\/da\/wp-json\/wp\/v2\/pages"}],"about":[{"href":"https:\/\/www.laravel-entwickler.de\/da\/wp-json\/wp\/v2\/types\/page"}],"author":[{"embeddable":true,"href":"https:\/\/www.laravel-entwickler.de\/da\/wp-json\/wp\/v2\/users\/1"}],"replies":[{"embeddable":true,"href":"https:\/\/www.laravel-entwickler.de\/da\/wp-json\/wp\/v2\/comments?post=3032"}],"version-history":[{"count":1,"href":"https:\/\/www.laravel-entwickler.de\/da\/wp-json\/wp\/v2\/pages\/3032\/revisions"}],"predecessor-version":[{"id":3033,"href":"https:\/\/www.laravel-entwickler.de\/da\/wp-json\/wp\/v2\/pages\/3032\/revisions\/3033"}],"wp:featuredmedia":[{"embeddable":true,"href":"https:\/\/www.laravel-entwickler.de\/da\/wp-json\/wp\/v2\/media\/3005"}],"wp:attachment":[{"href":"https:\/\/www.laravel-entwickler.de\/da\/wp-json\/wp\/v2\/media?parent=3032"}],"curies":[{"name":"wp","href":"https:\/\/api.w.org\/{rel}","templated":true}]}}