{"id":3097,"date":"2024-12-22T08:09:32","date_gmt":"2024-12-22T07:09:32","guid":{"rendered":"https:\/\/www.laravel-entwickler.de\/como-nosotros-como-empresa-de-externalizacion-offshore-apoyamos-a-las-agencias-alemanas-y-a-los-proveedores-de-servicios-de-ti-en-su-busqueda-de-desarrolladores-de-laravel-en-la-india\/"},"modified":"2024-12-22T08:36:40","modified_gmt":"2024-12-22T07:36:40","slug":"como-nosotros-como-empresa-de-externalizacion-offshore-apoyamos-a-las-agencias-alemanas-y-a-los-proveedores-de-servicios-de-ti-en-su-busqueda-de-desarrolladores-de-laravel-en-la-india","status":"publish","type":"page","link":"https:\/\/www.laravel-entwickler.de\/es\/","title":{"rendered":"C\u00f3mo nosotros, como empresa de externalizaci\u00f3n offshore, apoyamos a las agencias alemanas y a los proveedores de servicios de TI en su b\u00fasqueda de desarrolladores de Laravel en la India"},"content":{"rendered":"\n<h2 class=\"wp-block-heading\">C\u00f3mo nosotros, como empresa de externalizaci\u00f3n offshore, apoyamos a las agencias alemanas y a los proveedores de servicios de TI en su b\u00fasqueda de desarrolladores de Laravel en la India<\/h2>\n<div class=\"wp-block-image\">\n<figure class=\"aligncenter size-full\"><img loading=\"lazy\" decoding=\"async\" width=\"575\" height=\"300\" src=\"https:\/\/www.laravel-entwickler.de\/wp-content\/uploads\/2024\/12\/Laravel-Entwickler.jpg\" alt=\"\" class=\"wp-image-3004\" srcset=\"https:\/\/www.laravel-entwickler.de\/wp-content\/uploads\/2024\/12\/Laravel-Entwickler.jpg 575w, https:\/\/www.laravel-entwickler.de\/wp-content\/uploads\/2024\/12\/Laravel-Entwickler-300x157.jpg 300w\" sizes=\"auto, (max-width: 575px) 100vw, 575px\" \/><\/figure><\/div>\n<p>Los avances tecnol\u00f3gicos y la actual escasez de personal cualificado en Europa, sobre todo en Alemania, han llevado a las empresas a utilizar enfoques innovadores como la externalizaci\u00f3n en el extranjero para satisfacer sus necesidades inform\u00e1ticas. Al trabajar con empresas de externalizaci\u00f3n, las agencias y los proveedores de servicios inform\u00e1ticos alemanes pueden acceder a desarrolladores cualificados y reducir costes.   <\/p>\n\n<p>Los desarrolladores de Laravel en particular est\u00e1n muy solicitados debido a la creciente popularidad de este framework PHP. Aqu\u00ed nos gustar\u00eda mostrar c\u00f3mo las empresas de externalizaci\u00f3n offshore como la nuestra ayudan a encontrar a estos especialistas en la India y a integrarlos eficazmente en los proyectos. <\/p>\n\n<h3 class=\"wp-block-heading\"><strong>\u00bfPor qu\u00e9 Laravel?<\/strong><\/h3>\n\n<p>Laravel es un framework PHP moderno, vers\u00e1til y potente que simplifica el desarrollo de aplicaciones web. Se caracteriza por su sintaxis clara, amplias funciones y herramientas como Eloquent ORM, Blade Templates y seguridad integrada. Las empresas utilizan Laravel para crear aplicaciones escalables, de alto rendimiento y mantenibles. La demanda de desarrolladores cualificados de Laravel ha aumentado en todo el mundo, y las agencias y proveedores de servicios inform\u00e1ticos alemanes se enfrentan al reto de encontrar el talento adecuado.   <\/p>\n\n<h3 class=\"wp-block-heading\"><strong>Retos para las empresas alemanas<\/strong><\/h3>\n\n<ol start=\"1\" class=\"wp-block-list\">\n<li><strong>Escasez de mano de obra cualificada<\/strong>: Alemania sufre una enorme escasez de especialistas en TI. La demanda supera a la oferta, lo que provoca ciclos de contrataci\u00f3n m\u00e1s largos y costes salariales m\u00e1s elevados. <\/li>\n\n\n\n<li><strong>Costes<\/strong>: Las expectativas salariales de los desarrolladores de Laravel en Alemania suelen ser altas, especialmente para las peque\u00f1as y medianas empresas y las start-ups.<\/li>\n\n\n\n<li><strong>Tiempo necesario<\/strong>: El proceso de contrataci\u00f3n puede llevar mucho tiempo, lo que puede retrasar los proyectos.<\/li>\n\n\n\n<li><strong>Falta de especializaci\u00f3n<\/strong>: Es dif\u00edcil encontrar desarrolladores con experiencia especializada en Laravel.<\/li>\n<\/ol>\n\n<h3 class=\"wp-block-heading\"><strong>Ventajas de trabajar con una empresa de externalizaci\u00f3n en India<\/strong><\/h3>\n\n<p>India se ha consolidado como centro mundial de servicios inform\u00e1ticos y ofrece un gran n\u00famero de desarrolladores de software cualificados, incluidos expertos en Laravel. Estas son las ventajas que ofrecemos como empresa de externalizaci\u00f3n en el extranjero: <\/p>\n\n<ol start=\"1\" class=\"wp-block-list\">\n<li><strong>Acceso a una gran reserva de talento<\/strong>: India cuenta con un gran n\u00famero de desarrolladores altamente cualificados que est\u00e1n familiarizados con las \u00faltimas tecnolog\u00edas y frameworks como Laravel.<\/li>\n\n\n\n<li><strong>Eficiencia de costes<\/strong>: los costes laborales en la India son significativamente m\u00e1s bajos que en Alemania. Esto permite a las empresas utilizar mejor sus presupuestos de TI y seguir obteniendo resultados de alta calidad. <\/li>\n\n\n\n<li><strong>Personal inform\u00e1tico<\/strong>: Ofrecemos el llamado modelo de personal inform\u00e1tico, en el que puedes ampliar tus equipos con programadores en la India.<\/li>\n\n\n\n<li><strong>Escalabilidad<\/strong>: Con nuestra red, podemos reaccionar r\u00e1pidamente a las necesidades cambiantes y ampliar los equipos.<\/li>\n<\/ol>\n<div class=\"wp-block-image\">\n<figure class=\"aligncenter size-full\"><img loading=\"lazy\" decoding=\"async\" width=\"575\" height=\"300\" src=\"https:\/\/www.laravel-entwickler.de\/wp-content\/uploads\/2024\/12\/IT-Outsourcing.jpg\" alt=\"\" class=\"wp-image-3016\" srcset=\"https:\/\/www.laravel-entwickler.de\/wp-content\/uploads\/2024\/12\/IT-Outsourcing.jpg 575w, https:\/\/www.laravel-entwickler.de\/wp-content\/uploads\/2024\/12\/IT-Outsourcing-300x157.jpg 300w\" sizes=\"auto, (max-width: 575px) 100vw, 575px\" \/><\/figure><\/div>\n<h3 class=\"wp-block-heading\"><strong>C\u00f3mo encontramos al desarrollador Laravel adecuado<\/strong><\/h3>\n\n<p>Nuestro m\u00e9todo para identificar y contratar desarrolladores de Laravel consta de varios pasos:<\/p>\n\n<ol start=\"1\" class=\"wp-block-list\">\n<li><strong>An\u00e1lisis de requisitos<\/strong> Comenzamos con una conversaci\u00f3n detallada para comprender los requisitos espec\u00edficos del cliente. \u00bfQu\u00e9 tipo de proyecto Laravel se est\u00e1 implementando? \u00bfSe requieren conocimientos especiales como integraci\u00f3n de API, plataformas de comercio electr\u00f3nico o migraciones?  <\/li>\n\n\n\n<li><strong>Acceso a una red establecida<\/strong> A trav\u00e9s de nuestra extensa red en la industria de TI en la India, tenemos acceso a una amplia gama de talentos. Utilizamos plataformas probadas, referencias y bases de datos para identificar a los mejores candidatos. <\/li>\n\n\n\n<li><strong>Evaluaci\u00f3n t\u00e9cnica<\/strong> Nuestros experimentados reclutadores t\u00e9cnicos comprueban las habilidades de los candidatos mediante pruebas t\u00e9cnicas, revisiones de c\u00f3digo y entrevistas de codificaci\u00f3n en directo. Se presta especial atenci\u00f3n a la experiencia en Laravel, as\u00ed como en otras tecnolog\u00edas relevantes como MySQL, Vue.js, Docker y AWS. <\/li>\n\n\n\n<li>Adecuaci\u00f3n <strong>cultural y comunicaci\u00f3n<\/strong> Adem\u00e1s de las aptitudes t\u00e9cnicas, damos gran importancia a la adecuaci\u00f3n cultural y a las aptitudes de comunicaci\u00f3n. Como los desarrolladores trabajan en estrecha colaboraci\u00f3n con los equipos alemanes, es importante que hablen ingl\u00e9s con fluidez y comprendan la forma de trabajar de las empresas europeas. <\/li>\n\n\n\n<li><strong>Incorporaci\u00f3n y apoyo<\/strong> Tan pronto como se ha seleccionado a un desarrollador, apoyamos el proceso de incorporaci\u00f3n para que la colaboraci\u00f3n se desarrolle sin problemas. Nos aseguramos de que los desarrolladores tengan acceso a las herramientas y recursos necesarios y se integren r\u00e1pidamente en los equipos existentes. <\/li>\n<\/ol>\n\n<h3 class=\"wp-block-heading\"><strong>Historias de \u00e9xito<\/strong><\/h3>\n\n<p>Algunos de nuestros proyectos anteriores ilustran lo eficaz que puede ser en la pr\u00e1ctica la externalizaci\u00f3n al extranjero:<\/p>\n\n<ul class=\"wp-block-list\">\n<li><strong>Proyecto: Desarrollo de una plataforma<\/strong> de comercio electr\u00f3nico Un proveedor alem\u00e1n de servicios inform\u00e1ticos buscaba un experto en Laravel para desarrollar una plataforma de comercio electr\u00f3nico escalable. En dos semanas, pudimos proporcionar un desarrollador experimentado que complet\u00f3 con \u00e9xito la plataforma dentro del plazo y presupuesto acordados. <\/li>\n\n\n\n<li><strong>Proyecto: Integraci\u00f3n de API<\/strong> Una agencia digital de Alemania necesitaba ayuda con la integraci\u00f3n de API complejas en un sistema Laravel existente. Nuestros desarrolladores proporcionaron soluciones precisas y eficaces, aumentando la productividad del equipo de la agencia. <\/li>\n<\/ul>\n\n<h3 class=\"wp-block-heading\"><strong>Cooperaci\u00f3n: transparencia y comunicaci\u00f3n<\/strong><\/h3>\n\n<p>Una estrecha colaboraci\u00f3n y una comunicaci\u00f3n clara son cruciales para el \u00e9xito de los proyectos offshore. Nos aseguramos de que: <\/p>\n\n<ol start=\"1\" class=\"wp-block-list\">\n<li><strong>Actualizaciones peri\u00f3dicas<\/strong>: Nuestros desarrolladores utilizar\u00e1n las mismas herramientas que t\u00fa (por ejemplo: Jira, Trello o Asana) para realizar un seguimiento de las tareas y visualizar el progreso de forma transparente.<\/li>\n\n\n\n<li><strong>Transparencia<\/strong>: Somos transparentes en nuestra cooperaci\u00f3n contigo y con tu equipo.<\/li>\n\n\n\n<li><strong>Garant\u00eda de calidad<\/strong>: Te recomendamos que tengas un programador interno que coordine las tareas con los desarrolladores de la India. Si el propietario de la empresa es responsable de la garant\u00eda de calidad, debe estar familiarizado con la programaci\u00f3n. <\/li>\n<\/ol>\n\n<h3 class=\"wp-block-heading\"><strong>Conclusi\u00f3n<\/strong><\/h3>\n\n<p>Trabajar con una empresa de externalizaci\u00f3n en el extranjero puede ser la clave para resolver la escasez de cualificaciones de las agencias alemanas y los proveedores de servicios inform\u00e1ticos. La India ofrece un enorme n\u00famero de desarrolladores de Laravel cualificados que est\u00e1n preparados para apoyar proyectos complejos con experiencia y compromiso. <\/p>\n\n<p>Nuestra empresa se dedica a ayudar a los clientes alemanes a encontrar el mejor talento y a proporcionarles una soluci\u00f3n flexible, rentable y de alta calidad. Si buscas un desarrollador de Laravel con experiencia o necesitas un equipo completo, estamos a tu disposici\u00f3n. Juntos podemos realizar con \u00e9xito tus proyectos y crear una ventaja competitiva.  <\/p>\n\n<p>Ponte en contacto con nosotros a trav\u00e9s del formulario del calendario:<\/p>\n\n<!-- Calendly Inline-Widget Beginn -->\n<div class=\"calendly-inline-widget\" data-url=\"https:\/\/calendly.com\/yuhiro\/30_min?hide_event_type_details=1&#038;hide_gdpr_banner=1\" style=\"min-width:320px;height:700px;\"><\/div>\n<script type=\"text\/javascript\" src=\"https:\/\/assets.calendly.com\/assets\/external\/widget.js\" async=\"\"><\/script><!-- Calendly Inline-Widget Ende -->","protected":false},"excerpt":{"rendered":"<p>C\u00f3mo nosotros, como empresa de externalizaci\u00f3n offshore, apoyamos a las agencias alemanas y a los proveedores de servicios de TI en su b\u00fasqueda de desarrolladores de Laravel en la India Los avances tecnol\u00f3gicos y la actual escasez de personal cualificado en Europa, sobre todo en Alemania, han<\/p>\n","protected":false},"author":1,"featured_media":3014,"parent":0,"menu_order":0,"comment_status":"closed","ping_status":"closed","template":"page-FullWidth.php","meta":{"_monsterinsights_skip_tracking":false,"_monsterinsights_sitenote_active":false,"_monsterinsights_sitenote_note":"","_monsterinsights_sitenote_category":0,"footnotes":""},"class_list":["post-3097","page","type-page","status-publish","has-post-thumbnail","hentry"],"aioseo_notices":[],"_links":{"self":[{"href":"https:\/\/www.laravel-entwickler.de\/es\/wp-json\/wp\/v2\/pages\/3097","targetHints":{"allow":["GET"]}}],"collection":[{"href":"https:\/\/www.laravel-entwickler.de\/es\/wp-json\/wp\/v2\/pages"}],"about":[{"href":"https:\/\/www.laravel-entwickler.de\/es\/wp-json\/wp\/v2\/types\/page"}],"author":[{"embeddable":true,"href":"https:\/\/www.laravel-entwickler.de\/es\/wp-json\/wp\/v2\/users\/1"}],"replies":[{"embeddable":true,"href":"https:\/\/www.laravel-entwickler.de\/es\/wp-json\/wp\/v2\/comments?post=3097"}],"version-history":[{"count":1,"href":"https:\/\/www.laravel-entwickler.de\/es\/wp-json\/wp\/v2\/pages\/3097\/revisions"}],"predecessor-version":[{"id":3098,"href":"https:\/\/www.laravel-entwickler.de\/es\/wp-json\/wp\/v2\/pages\/3097\/revisions\/3098"}],"wp:featuredmedia":[{"embeddable":true,"href":"https:\/\/www.laravel-entwickler.de\/es\/wp-json\/wp\/v2\/media\/3014"}],"wp:attachment":[{"href":"https:\/\/www.laravel-entwickler.de\/es\/wp-json\/wp\/v2\/media?parent=3097"}],"curies":[{"name":"wp","href":"https:\/\/api.w.org\/{rel}","templated":true}]}}