{"id":3038,"date":"2024-12-22T08:09:32","date_gmt":"2024-12-22T07:09:32","guid":{"rendered":"https:\/\/www.laravel-entwickler.de\/miten-me-offshore-ulkoistamisyrityksenae-tuemme-saksalaisia-virastoja-ja-it-palveluntarjoajia-heidaen-etsiessaeaen-laravel-kehittaejiae-intiassa\/"},"modified":"2024-12-22T08:19:41","modified_gmt":"2024-12-22T07:19:41","slug":"miten-me-offshore-ulkoistamisyrityksenae-tuemme-saksalaisia-virastoja-ja-it-palveluntarjoajia-heidaen-etsiessaeaen-laravel-kehittaejiae-intiassa","status":"publish","type":"page","link":"https:\/\/www.laravel-entwickler.de\/fi\/","title":{"rendered":"Miten me offshore-ulkoistamisyrityksen\u00e4 tuemme saksalaisia virastoja ja IT-palveluntarjoajia heid\u00e4n etsiess\u00e4\u00e4n Laravel-kehitt\u00e4ji\u00e4 Intiassa."},"content":{"rendered":"\n<h2 class=\"wp-block-heading\">Miten me offshore-ulkoistamisyrityksen\u00e4 tuemme saksalaisia virastoja ja IT-palveluntarjoajia heid\u00e4n etsiess\u00e4\u00e4n Laravel-kehitt\u00e4ji\u00e4 Intiassa.<\/h2>\n<div class=\"wp-block-image\">\n<figure class=\"aligncenter size-full\"><img loading=\"lazy\" decoding=\"async\" width=\"575\" height=\"300\" src=\"https:\/\/www.laravel-entwickler.de\/wp-content\/uploads\/2024\/12\/Laravel-Entwickler.jpg\" alt=\"\" class=\"wp-image-3004\" srcset=\"https:\/\/www.laravel-entwickler.de\/wp-content\/uploads\/2024\/12\/Laravel-Entwickler.jpg 575w, https:\/\/www.laravel-entwickler.de\/wp-content\/uploads\/2024\/12\/Laravel-Entwickler-300x157.jpg 300w\" sizes=\"auto, (max-width: 575px) 100vw, 575px\" \/><\/figure><\/div>\n<p>Teknologinen kehitys ja Euroopassa, erityisesti Saksassa, jatkuva osaajapula ovat saaneet yritykset hy\u00f6dynt\u00e4m\u00e4\u00e4n innovatiivisia l\u00e4hestymistapoja, kuten offshore-ulkoistamista, tietotekniikkatarpeidensa tyydytt\u00e4miseksi. Tekem\u00e4ll\u00e4 yhteisty\u00f6t\u00e4 offshore-ulkoistamisyritysten kanssa saksalaiset virastot ja tietotekniikkapalvelujen tarjoajat voivat saada k\u00e4ytt\u00f6\u00f6ns\u00e4 ammattitaitoisia kehitt\u00e4ji\u00e4 ja samalla v\u00e4hent\u00e4\u00e4 kustannuksia.   <\/p>\n\n<p>Erityisesti Laravel-kehitt\u00e4j\u00e4t ovat eritt\u00e4in kysyttyj\u00e4 t\u00e4m\u00e4n PHP-kehyksen kasvavan suosion vuoksi. Haluamme t\u00e4ss\u00e4 yhteydess\u00e4 osoittaa, miten meid\u00e4n kaltaisemme offshore-ulkoistamisyritykset auttavat l\u00f6yt\u00e4m\u00e4\u00e4n n\u00e4it\u00e4 asiantuntijoita Intiasta ja integroimaan heid\u00e4t tehokkaasti projekteihin. <\/p>\n\n<h3 class=\"wp-block-heading\"><strong>Miksi Laravel?<\/strong><\/h3>\n\n<p>Laravel on moderni, monipuolinen ja tehokas PHP-kehys, joka helpottaa verkkosovellusten kehitt\u00e4mist\u00e4. Sille on ominaista selke\u00e4 syntaksi, laajat toiminnot ja ty\u00f6kalut, kuten Eloquent ORM, Blade Templates ja integroitu tietoturva. Yritykset k\u00e4ytt\u00e4v\u00e4t Laravel-kehyst\u00e4 luodakseen skaalautuvia, suorituskykyisi\u00e4 ja yll\u00e4pidett\u00e4vi\u00e4 sovelluksia. P\u00e4tevien Laravel-kehitt\u00e4jien kysynt\u00e4 on kasvanut maailmanlaajuisesti, ja saksalaiset virastot ja IT-palveluntarjoajat joutuvat kohtaamaan haasteen l\u00f6yt\u00e4\u00e4 oikeat osaajat.   <\/p>\n\n<h3 class=\"wp-block-heading\"><strong>Saksalaisten yritysten haasteet<\/strong><\/h3>\n\n<ol start=\"1\" class=\"wp-block-list\">\n<li><strong>Pula ammattitaitoisesta ty\u00f6voimasta<\/strong>: Saksassa on valtava pula tietotekniikan asiantuntijoista. Kysynt\u00e4 ylitt\u00e4\u00e4 tarjonnan, mik\u00e4 johtaa rekrytointisyklien pidentymiseen ja palkkakustannusten nousuun. <\/li>\n\n\n\n<li><strong>Kustannukset<\/strong>: Laravel-kehitt\u00e4jien palkkatoiveet Saksassa ovat usein korkeat, erityisesti pieniss\u00e4 ja keskisuurissa yrityksiss\u00e4 ja start-up-yrityksiss\u00e4.<\/li>\n\n\n\n<li><strong>Ajan tarve<\/strong>: Rekrytointiprosessi voi olla aikaa viev\u00e4, mik\u00e4 voi viiv\u00e4stytt\u00e4\u00e4 hankkeita.<\/li>\n\n\n\n<li><strong>Erikoistumisen puute<\/strong>: On vaikea l\u00f6yt\u00e4\u00e4 kehitt\u00e4ji\u00e4, joilla on erityist\u00e4 kokemusta Laravelista.<\/li>\n<\/ol>\n\n<h3 class=\"wp-block-heading\"><strong>Intian offshore-ulkoistamisyrityksen kanssa ty\u00f6skentelyn edut<\/strong><\/h3>\n\n<p>Intia on vakiinnuttanut asemansa maailmanlaajuisena IT-palvelujen keskuksena, ja se tarjoaa valtavan m\u00e4\u00e4r\u00e4n ammattitaitoisia ohjelmistokehitt\u00e4ji\u00e4, my\u00f6s Laravel-asiantuntijoita. T\u00e4ss\u00e4 ovat edut, joita tarjoamme offshore-ulkoistamisyrityksen\u00e4: <\/p>\n\n<ol start=\"1\" class=\"wp-block-list\">\n<li><strong>P\u00e4\u00e4sy laajaan osaajapooliin<\/strong>: Intiassa on suuri m\u00e4\u00e4r\u00e4 eritt\u00e4in ammattitaitoisia kehitt\u00e4ji\u00e4, jotka tuntevat uusimmat teknologiat ja kehykset, kuten Laravel.<\/li>\n\n\n\n<li><strong>Kustannustehokkuus<\/strong>: Ty\u00f6voimakustannukset ovat Intiassa huomattavasti alhaisemmat kuin Saksassa. T\u00e4m\u00e4n ansiosta yritykset voivat hy\u00f6dynt\u00e4\u00e4 tietotekniikkabudjettinsa paremmin ja saada silti laadukkaita tuloksia. <\/li>\n\n\n\n<li><strong>IT-henkil\u00f6st\u00f6<\/strong>: Tarjoamme niin sanottua IT-henkil\u00f6st\u00f6mallia, jossa voit laajentaa tiimi\u00e4si ohjelmoijilla Intiassa.<\/li>\n\n\n\n<li><strong>Skaalautuvuus<\/strong>: Verkostomme avulla voimme reagoida nopeasti muuttuviin vaatimuksiin ja skaalata tiimej\u00e4.<\/li>\n<\/ol>\n<div class=\"wp-block-image\">\n<figure class=\"aligncenter size-full\"><img loading=\"lazy\" decoding=\"async\" width=\"575\" height=\"300\" src=\"https:\/\/www.laravel-entwickler.de\/wp-content\/uploads\/2024\/12\/IT-Outsourcing.jpg\" alt=\"\" class=\"wp-image-3016\" srcset=\"https:\/\/www.laravel-entwickler.de\/wp-content\/uploads\/2024\/12\/IT-Outsourcing.jpg 575w, https:\/\/www.laravel-entwickler.de\/wp-content\/uploads\/2024\/12\/IT-Outsourcing-300x157.jpg 300w\" sizes=\"auto, (max-width: 575px) 100vw, 575px\" \/><\/figure><\/div>\n<h3 class=\"wp-block-heading\"><strong>Miten l\u00f6yd\u00e4mme oikean Laravel-kehitt\u00e4j\u00e4n<\/strong><\/h3>\n\n<p>Menetelm\u00e4mme Laravel-kehitt\u00e4jien tunnistamiseksi ja rekrytoimiseksi sis\u00e4lt\u00e4\u00e4 useita vaiheita:<\/p>\n\n<ol start=\"1\" class=\"wp-block-list\">\n<li><strong>Vaatimusanalyysi<\/strong> Aloitamme yksityiskohtaisella keskustelulla, jotta ymm\u00e4rr\u00e4mme asiakkaan erityisvaatimukset. Mink\u00e4 tyyppinen Laravel-projekti on toteutettavana? Tarvitaanko erityisosaamista, kuten API-integraatiota, s\u00e4hk\u00f6isen kaupank\u00e4ynnin alustoja tai migraatioita?  <\/li>\n\n\n\n<li><strong>P\u00e4\u00e4sy vakiintuneeseen verkostoon<\/strong> Laajan verkostomme kautta Intian IT-alalla meill\u00e4 on p\u00e4\u00e4sy monenlaisiin lahjakkuuksiin. Hy\u00f6dynn\u00e4mme hyv\u00e4ksi todettuja alustoja, suosituksia ja tietokantoja parhaiden ehdokkaiden tunnistamiseksi. <\/li>\n\n\n\n<li><strong>Tekninen arviointi<\/strong> Kokeneet tekniset rekrytoijamme tarkistavat hakijoiden taidot teknisten testien, koodin tarkistusten ja suorien koodaushaastattelujen avulla. Erityist\u00e4 huomiota kiinnitet\u00e4\u00e4n Laravel-osaamiseen sek\u00e4 muihin asiaankuuluviin teknologioihin, kuten MySQL, Vue.js, Docker ja AWS. <\/li>\n\n\n\n<li><strong>Kulttuurinen sopivuus ja viestint\u00e4<\/strong> Teknisten taitojen lis\u00e4ksi pid\u00e4mme eritt\u00e4in t\u00e4rke\u00e4n\u00e4 kulttuurista sopivuutta ja viestint\u00e4taitoja. Koska kehitt\u00e4j\u00e4t ty\u00f6skentelev\u00e4t tiiviisti saksalaisten tiimien kanssa, on t\u00e4rke\u00e4\u00e4, ett\u00e4 he puhuvat sujuvasti englantia ja ymm\u00e4rt\u00e4v\u00e4t eurooppalaisten yritysten toimintatapoja. <\/li>\n\n\n\n<li><strong>K\u00e4ytt\u00f6\u00f6notto ja tuki<\/strong> Heti kun kehitt\u00e4j\u00e4 on valittu, tuemme k\u00e4ytt\u00f6\u00f6nottoprosessia, jotta yhteisty\u00f6 sujuu ongelmitta. Varmistamme, ett\u00e4 kehitt\u00e4jill\u00e4 on k\u00e4ytett\u00e4viss\u00e4\u00e4n tarvittavat ty\u00f6kalut ja resurssit ja ett\u00e4 he integroituvat nopeasti olemassa oleviin tiimeihin. <\/li>\n<\/ol>\n\n<h3 class=\"wp-block-heading\"><strong>Menestystarinat<\/strong><\/h3>\n\n<p>Jotkin aiemmista hankkeistamme osoittavat, miten tehokas offshore-ulkoistaminen voi olla k\u00e4yt\u00e4nn\u00f6ss\u00e4:<\/p>\n\n<ul class=\"wp-block-list\">\n<li><strong>Projekti: S\u00e4hk\u00f6isen kaupank\u00e4ynnin alustan kehitt\u00e4minen<\/strong> Saksalainen IT-palveluntarjoaja etsi Laravel-asiantuntijaa kehitt\u00e4m\u00e4\u00e4n skaalautuvaa s\u00e4hk\u00f6isen kaupank\u00e4ynnin alustaa. Pystyimme kahden viikon kuluessa tarjoamaan kokeneen kehitt\u00e4j\u00e4n, joka toteutti alustan onnistuneesti sovitussa aikataulussa ja budjetissa. <\/li>\n\n\n\n<li><strong>Projekti: API-integraatio<\/strong> Saksassa sijaitseva digitaalinen toimisto tarvitsi tukea monimutkaisten API-rajapintojen integroinnissa olemassa olevaan Laravel-j\u00e4rjestelm\u00e4\u00e4n. Kehitt\u00e4j\u00e4mme toimittivat t\u00e4sm\u00e4llisi\u00e4 ja tehokkaita ratkaisuja, jotka lis\u00e4siv\u00e4t viraston tiimin tuottavuutta. <\/li>\n<\/ul>\n\n<h3 class=\"wp-block-heading\"><strong>Yhteisty\u00f6: avoimuus ja viestint\u00e4<\/strong><\/h3>\n\n<p>Tiivis yhteisty\u00f6 ja selke\u00e4 viestint\u00e4 ovat ratkaisevia offshore-hankkeiden onnistumisen kannalta. Me varmistamme, ett\u00e4: <\/p>\n\n<ol start=\"1\" class=\"wp-block-list\">\n<li><strong>S\u00e4\u00e4nn\u00f6lliset p\u00e4ivitykset<\/strong>: Kehitt\u00e4j\u00e4mme k\u00e4ytt\u00e4v\u00e4t samoja ty\u00f6kaluja kuin sin\u00e4 (esimerkiksi Jiraa, Trelloa tai Asanaa) teht\u00e4vien seurantaan ja edistymisen l\u00e4pin\u00e4kyv\u00e4\u00e4n visualisointiin.<\/li>\n\n\n\n<li><strong>Avoimuus<\/strong>: Olemme avoimia yhteisty\u00f6ss\u00e4 sinun ja tiimisi kanssa.<\/li>\n\n\n\n<li><strong>Laadunvarmistus<\/strong>: Suosittelemme, ett\u00e4 sinulla on sis\u00e4inen ohjelmoija, joka koordinoi teht\u00e4vi\u00e4 intialaisten kehitt\u00e4jien kanssa. Jos yrityksen omistaja vastaa laadunvarmistuksesta, h\u00e4nen on tunnettava ohjelmointi. <\/li>\n<\/ol>\n\n<h3 class=\"wp-block-heading\"><strong>P\u00e4\u00e4telm\u00e4<\/strong><\/h3>\n\n<p>Ty\u00f6skentely offshore-ulkoistamisyrityksen kanssa voi olla avain osaajapulan ratkaisemiseen saksalaisille virastoille ja IT-palvelujen tarjoajille. Intia tarjoaa valtavan m\u00e4\u00e4r\u00e4n p\u00e4tevi\u00e4 Laravel-kehitt\u00e4ji\u00e4, jotka ovat valmiita tukemaan monimutkaisia projekteja asiantuntemuksella ja sitoutumisella. <\/p>\n\n<p>Yrityksemme on omistautunut auttamaan saksalaisia asiakkaitamme l\u00f6yt\u00e4m\u00e4\u00e4n parhaat osaajat ja tarjoamaan heille joustavia, kustannustehokkaita ja laadukkaita ratkaisuja. Jos etsit kokenutta Laravel-kehitt\u00e4j\u00e4\u00e4 tai tarvitset kokonaisen tiimin, olemme k\u00e4ytett\u00e4viss\u00e4si. Yhdess\u00e4 voimme toteuttaa projektisi onnistuneesti ja luoda kilpailuetua.  <\/p>\n\n<p>Ota meihin yhteytt\u00e4 kalenterilomakkeen kautta:<\/p>\n\n<!-- Calendly Inline-Widget Beginn -->\n<div class=\"calendly-inline-widget\" data-url=\"https:\/\/calendly.com\/yuhiro\/30_min?hide_event_type_details=1&#038;hide_gdpr_banner=1\" style=\"min-width:320px;height:700px;\"><\/div>\n<script type=\"text\/javascript\" src=\"https:\/\/assets.calendly.com\/assets\/external\/widget.js\" async=\"\"><\/script><!-- Calendly Inline-Widget Ende -->","protected":false},"excerpt":{"rendered":"<p>Miten me offshore-ulkoistamisyrityksen\u00e4 tuemme saksalaisia virastoja ja IT-palveluntarjoajia heid\u00e4n etsiess\u00e4\u00e4n Laravel-kehitt\u00e4ji\u00e4 Intiassa. Teknologinen kehitys ja Euroopassa, erityisesti Saksassa, jatkuva osaajapula ovat saaneet yritykset hy\u00f6dynt\u00e4m\u00e4\u00e4n innovatiivisia l\u00e4hestymistapoja, kuten offshore-ulkoistamista, tietotekniikkatarpeidensa tyydytt\u00e4miseksi. Tekem\u00e4ll\u00e4 yhteisty\u00f6t\u00e4 offshore-ulkoistamisyritysten kanssa saksalaiset virastot ja tietotekniikkapalvelujen tarjoajat voivat saada k\u00e4ytt\u00f6\u00f6ns\u00e4 ammattitaitoisia kehitt\u00e4ji\u00e4 ja samalla v\u00e4hent\u00e4\u00e4<\/p>\n","protected":false},"author":1,"featured_media":3008,"parent":0,"menu_order":0,"comment_status":"closed","ping_status":"closed","template":"page-FullWidth.php","meta":{"_monsterinsights_skip_tracking":false,"_monsterinsights_sitenote_active":false,"_monsterinsights_sitenote_note":"","_monsterinsights_sitenote_category":0,"footnotes":""},"class_list":["post-3038","page","type-page","status-publish","has-post-thumbnail","hentry"],"aioseo_notices":[],"_links":{"self":[{"href":"https:\/\/www.laravel-entwickler.de\/fi\/wp-json\/wp\/v2\/pages\/3038","targetHints":{"allow":["GET"]}}],"collection":[{"href":"https:\/\/www.laravel-entwickler.de\/fi\/wp-json\/wp\/v2\/pages"}],"about":[{"href":"https:\/\/www.laravel-entwickler.de\/fi\/wp-json\/wp\/v2\/types\/page"}],"author":[{"embeddable":true,"href":"https:\/\/www.laravel-entwickler.de\/fi\/wp-json\/wp\/v2\/users\/1"}],"replies":[{"embeddable":true,"href":"https:\/\/www.laravel-entwickler.de\/fi\/wp-json\/wp\/v2\/comments?post=3038"}],"version-history":[{"count":1,"href":"https:\/\/www.laravel-entwickler.de\/fi\/wp-json\/wp\/v2\/pages\/3038\/revisions"}],"predecessor-version":[{"id":3039,"href":"https:\/\/www.laravel-entwickler.de\/fi\/wp-json\/wp\/v2\/pages\/3038\/revisions\/3039"}],"wp:featuredmedia":[{"embeddable":true,"href":"https:\/\/www.laravel-entwickler.de\/fi\/wp-json\/wp\/v2\/media\/3008"}],"wp:attachment":[{"href":"https:\/\/www.laravel-entwickler.de\/fi\/wp-json\/wp\/v2\/media?parent=3038"}],"curies":[{"name":"wp","href":"https:\/\/api.w.org\/{rel}","templated":true}]}}