{"id":3040,"date":"2024-12-22T08:09:32","date_gmt":"2024-12-22T07:09:32","guid":{"rendered":"https:\/\/www.laravel-entwickler.de\/comment-en-tant-que-societe-dexternalisation-offshore-nous-aidons-les-agences-et-les-fournisseurs-de-services-informatiques-allemands-a-trouver-des-developpeurs-laravel-en-inde\/"},"modified":"2024-12-22T08:20:03","modified_gmt":"2024-12-22T07:20:03","slug":"comment-en-tant-que-societe-dexternalisation-offshore-nous-aidons-les-agences-et-les-fournisseurs-de-services-informatiques-allemands-a-trouver-des-developpeurs-laravel-en-inde","status":"publish","type":"page","link":"https:\/\/www.laravel-entwickler.de\/fr\/","title":{"rendered":"Comment, en tant que soci\u00e9t\u00e9 d&rsquo;externalisation offshore, nous aidons les agences et les fournisseurs de services informatiques allemands \u00e0 trouver des d\u00e9veloppeurs Laravel en Inde"},"content":{"rendered":"\n<h2 class=\"wp-block-heading\">Comment, en tant que soci\u00e9t\u00e9 d&rsquo;externalisation offshore, nous aidons les agences et les fournisseurs de services informatiques allemands \u00e0 trouver des d\u00e9veloppeurs Laravel en Inde<\/h2>\n<div class=\"wp-block-image\">\n<figure class=\"aligncenter size-full\"><img loading=\"lazy\" decoding=\"async\" width=\"575\" height=\"300\" src=\"https:\/\/www.laravel-entwickler.de\/wp-content\/uploads\/2024\/12\/Laravel-Entwickler.jpg\" alt=\"\" class=\"wp-image-3004\" srcset=\"https:\/\/www.laravel-entwickler.de\/wp-content\/uploads\/2024\/12\/Laravel-Entwickler.jpg 575w, https:\/\/www.laravel-entwickler.de\/wp-content\/uploads\/2024\/12\/Laravel-Entwickler-300x157.jpg 300w\" sizes=\"auto, (max-width: 575px) 100vw, 575px\" \/><\/figure><\/div>\n<p>Les progr\u00e8s technologiques et la p\u00e9nurie persistante de comp\u00e9tences en Europe, en particulier en Allemagne, ont incit\u00e9 les entreprises \u00e0 utiliser des approches innovantes telles que l&rsquo;externalisation offshore pour r\u00e9pondre \u00e0 leurs besoins informatiques. En travaillant avec des soci\u00e9t\u00e9s d&rsquo;externalisation offshore, les agences et les fournisseurs de services informatiques allemands peuvent acc\u00e9der \u00e0 des d\u00e9veloppeurs qualifi\u00e9s tout en r\u00e9duisant les co\u00fbts.   <\/p>\n\n<p>Les d\u00e9veloppeurs Laravel, en particulier, sont tr\u00e8s demand\u00e9s en raison de la popularit\u00e9 croissante de ce framework PHP. Nous souhaitons montrer ici comment des soci\u00e9t\u00e9s d&rsquo;externalisation offshore comme la n\u00f4tre contribuent \u00e0 trouver ces professionnels en Inde et \u00e0 les int\u00e9grer efficacement dans les projets. <\/p>\n\n<h3 class=\"wp-block-heading\"><strong>Pourquoi Laravel ?<\/strong><\/h3>\n\n<p>Laravel est un framework PHP moderne, polyvalent et puissant qui simplifie le d\u00e9veloppement d&rsquo;applications web. Il se caract\u00e9rise par une syntaxe claire, des fonctionnalit\u00e9s \u00e9tendues et des outils tels que Eloquent ORM, Blade Templates et une s\u00e9curit\u00e9 int\u00e9gr\u00e9e. Les entreprises utilisent Laravel pour cr\u00e9er des applications \u00e9volutives, performantes et maintenables. La demande de d\u00e9veloppeurs Laravel qualifi\u00e9s a augment\u00e9 dans le monde entier et les agences et fournisseurs de services informatiques allemands sont confront\u00e9s au d\u00e9fi de trouver les bons talents.   <\/p>\n\n<h3 class=\"wp-block-heading\"><strong>D\u00e9fis pour les entreprises allemandes<\/strong><\/h3>\n\n<ol start=\"1\" class=\"wp-block-list\">\n<li><strong>P\u00e9nurie de personnel qualifi\u00e9<\/strong>: L&rsquo;Allemagne souffre d&rsquo;une p\u00e9nurie massive de personnel qualifi\u00e9 en informatique. La demande d\u00e9passe l&rsquo;offre, ce qui entra\u00eene des cycles de recrutement plus longs et des co\u00fbts salariaux plus \u00e9lev\u00e9s. <\/li>\n\n\n\n<li><strong>Co\u00fbt<\/strong>: les salaires demand\u00e9s par les d\u00e9veloppeurs Laravel en Allemagne sont souvent \u00e9lev\u00e9s, en particulier pour les PME et les start-ups.<\/li>\n\n\n\n<li><strong>Temps n\u00e9cessaire<\/strong>: le processus de recrutement peut prendre du temps, ce qui peut retarder les projets.<\/li>\n\n\n\n<li><strong>Manque de sp\u00e9cialisation<\/strong>: il est difficile de trouver des d\u00e9veloppeurs ayant une exp\u00e9rience sp\u00e9cialis\u00e9e dans Laravel.<\/li>\n<\/ol>\n\n<h3 class=\"wp-block-heading\"><strong>Avantages de travailler avec une soci\u00e9t\u00e9 d&rsquo;externalisation offshore en Inde<\/strong><\/h3>\n\n<p>L&rsquo;Inde s&rsquo;est impos\u00e9e comme un centre mondial de services informatiques et offre une \u00e9norme quantit\u00e9 de d\u00e9veloppeurs de logiciels qualifi\u00e9s, dont des experts Laravel. Voici les avantages que nous offrons en tant que soci\u00e9t\u00e9 d&rsquo;externalisation offshore : <\/p>\n\n<ol start=\"1\" class=\"wp-block-list\">\n<li><strong>L&rsquo;acc\u00e8s \u00e0 un vaste vivier de talents<\/strong>: l&rsquo;Inde dispose d&rsquo;un grand nombre de d\u00e9veloppeurs hautement qualifi\u00e9s qui ma\u00eetrisent les derni\u00e8res technologies et les frameworks tels que Laravel.<\/li>\n\n\n\n<li><strong>Rentabilit\u00e9<\/strong>: les co\u00fbts de personnel en Inde sont nettement inf\u00e9rieurs \u00e0 ceux de l&rsquo;Allemagne. Cela permet aux entreprises de mieux utiliser leurs budgets informatiques tout en obtenant des r\u00e9sultats de haute qualit\u00e9. <\/li>\n\n\n\n<li><strong>IT Staffing<\/strong>: nous proposons ce que l&rsquo;on appelle le mod\u00e8le IT Staffing, dans lequel vous pouvez \u00e9largir vos \u00e9quipes avec des programmeurs en Inde.<\/li>\n\n\n\n<li><strong>\u00c9volutivit\u00e9<\/strong>: gr\u00e2ce \u00e0 notre r\u00e9seau, nous pouvons r\u00e9pondre rapidement \u00e0 l&rsquo;\u00e9volution des besoins et faire \u00e9voluer les \u00e9quipes.<\/li>\n<\/ol>\n<div class=\"wp-block-image\">\n<figure class=\"aligncenter size-full\"><img loading=\"lazy\" decoding=\"async\" width=\"575\" height=\"300\" src=\"https:\/\/www.laravel-entwickler.de\/wp-content\/uploads\/2024\/12\/IT-Outsourcing.jpg\" alt=\"\" class=\"wp-image-3016\" srcset=\"https:\/\/www.laravel-entwickler.de\/wp-content\/uploads\/2024\/12\/IT-Outsourcing.jpg 575w, https:\/\/www.laravel-entwickler.de\/wp-content\/uploads\/2024\/12\/IT-Outsourcing-300x157.jpg 300w\" sizes=\"auto, (max-width: 575px) 100vw, 575px\" \/><\/figure><\/div>\n<h3 class=\"wp-block-heading\"><strong>Comment trouver le bon d\u00e9veloppeur Laravel<\/strong><\/h3>\n\n<p>Notre m\u00e9thode d&rsquo;identification et de recrutement des d\u00e9veloppeurs Laravel comprend plusieurs \u00e9tapes :<\/p>\n\n<ol start=\"1\" class=\"wp-block-list\">\n<li><strong>Analyse des besoins<\/strong> Nous commen\u00e7ons par une discussion d\u00e9taill\u00e9e afin de comprendre les besoins sp\u00e9cifiques du client. Quel type de projet Laravel est mis en \u0153uvre ? Des comp\u00e9tences particuli\u00e8res sont-elles n\u00e9cessaires, comme l&rsquo;int\u00e9gration d&rsquo;API, les plateformes de commerce \u00e9lectronique ou les migrations ?  <\/li>\n\n\n\n<li><strong>Acc\u00e8s \u00e0 un r\u00e9seau \u00e9tabli<\/strong> Gr\u00e2ce \u00e0 notre vaste r\u00e9seau dans le secteur informatique en Inde, nous avons acc\u00e8s \u00e0 une grande vari\u00e9t\u00e9 de talents. Nous utilisons des plateformes, des recommandations et des bases de donn\u00e9es \u00e9prouv\u00e9es pour identifier les meilleurs candidats. <\/li>\n\n\n\n<li><strong>\u00c9valuation technique<\/strong> Nos recruteurs techniques exp\u00e9riment\u00e9s v\u00e9rifient les comp\u00e9tences des candidats par des tests techniques, des revues de code et des entretiens de codage en direct. Une attention particuli\u00e8re est port\u00e9e \u00e0 l&rsquo;expertise en Laravel ainsi qu&rsquo;\u00e0 d&rsquo;autres technologies pertinentes telles que MySQL, Vue.js, Docker et AWS. <\/li>\n\n\n\n<li><strong>Adaptation culturelle et communication<\/strong> Outre les comp\u00e9tences techniques, nous accordons une grande importance \u00e0 l&rsquo;adaptation culturelle et aux comp\u00e9tences de communication. Comme les d\u00e9veloppeurs travaillent en \u00e9troite collaboration avec les \u00e9quipes allemandes, il est important qu&rsquo;ils parlent couramment anglais et qu&rsquo;ils aient une compr\u00e9hension du fonctionnement des entreprises europ\u00e9ennes. <\/li>\n\n\n\n<li><strong>Onboarding et support<\/strong> Une fois qu&rsquo;un d\u00e9veloppeur a \u00e9t\u00e9 s\u00e9lectionn\u00e9, nous soutenons le processus d&rsquo;onboarding afin que la collaboration se d\u00e9roule sans probl\u00e8me. Nous veillons \u00e0 ce que les d\u00e9veloppeurs aient acc\u00e8s aux outils et aux ressources n\u00e9cessaires et \u00e0 ce qu&rsquo;ils s&rsquo;int\u00e8grent rapidement aux \u00e9quipes existantes. <\/li>\n<\/ol>\n\n<h3 class=\"wp-block-heading\"><strong>Exemples de r\u00e9ussite<\/strong><\/h3>\n\n<p>Certains de nos projets pass\u00e9s illustrent l&rsquo;efficacit\u00e9 de l&rsquo;externalisation offshore dans la pratique :<\/p>\n\n<ul class=\"wp-block-list\">\n<li><strong>Projet : d\u00e9veloppement d&rsquo;une plateforme de commerce \u00e9lectronique<\/strong> Une soci\u00e9t\u00e9 de services informatiques allemande recherchait un expert Laravel pour d\u00e9velopper une plateforme de commerce \u00e9lectronique \u00e9volutive. En l&rsquo;espace de deux semaines, nous avons pu mettre \u00e0 disposition un d\u00e9veloppeur exp\u00e9riment\u00e9 qui a termin\u00e9 avec succ\u00e8s la plateforme dans les d\u00e9lais et le budget convenus. <\/li>\n\n\n\n<li><strong>Projet : Int\u00e9gration d&rsquo;API<\/strong> Une agence digitale en Allemagne avait besoin d&rsquo;aide pour int\u00e9grer des API complexes dans un syst\u00e8me Laravel existant. Nos d\u00e9veloppeurs ont fourni des solutions pr\u00e9cises et efficaces, augmentant ainsi la productivit\u00e9 de l&rsquo;\u00e9quipe de l&rsquo;agence. <\/li>\n<\/ul>\n\n<h3 class=\"wp-block-heading\"><strong>Collaboration : transparence et communication<\/strong><\/h3>\n\n<p>Une collaboration \u00e9troite et une communication claire sont essentielles \u00e0 la r\u00e9ussite des projets offshore. Nous veillons \u00e0 ce que : <\/p>\n\n<ol start=\"1\" class=\"wp-block-list\">\n<li><strong>Mises \u00e0 jour r\u00e9guli\u00e8res<\/strong>: nos d\u00e9veloppeurs utiliseront les m\u00eames outils que vous (par exemple : Jira, Trello ou Asana) pour suivre les t\u00e2ches et montrer l&rsquo;avancement de mani\u00e8re transparente.<\/li>\n\n\n\n<li><strong>Transparence<\/strong>: nous sommes transparents dans notre collaboration avec vous et votre \u00e9quipe.<\/li>\n\n\n\n<li><strong>Assurance qualit\u00e9<\/strong>: nous vous recommandons d&rsquo;avoir un programmeur interne qui coordonne les t\u00e2ches avec les d\u00e9veloppeurs en Inde. Si le propri\u00e9taire de l&rsquo;entreprise s&rsquo;occupe de l&rsquo;assurance qualit\u00e9, il doit avoir des connaissances en programmation. <\/li>\n<\/ol>\n\n<h3 class=\"wp-block-heading\"><strong>Conclusion<\/strong><\/h3>\n\n<p>Pour les agences et les fournisseurs de services informatiques allemands, travailler avec une soci\u00e9t\u00e9 d&rsquo;externalisation offshore peut \u00eatre la cl\u00e9 pour r\u00e9soudre la p\u00e9nurie de comp\u00e9tences. L&rsquo;Inde offre une \u00e9norme quantit\u00e9 de d\u00e9veloppeurs Laravel qualifi\u00e9s, pr\u00eats \u00e0 apporter leur expertise et leur engagement \u00e0 des projets complexes. <\/p>\n\n<p>Notre soci\u00e9t\u00e9 s&rsquo;est donn\u00e9 pour mission d&rsquo;aider les clients allemands \u00e0 trouver les meilleurs talents et de leur fournir une solution flexible, rentable et de qualit\u00e9. Si vous \u00eates \u00e0 la recherche d&rsquo;un d\u00e9veloppeur Laravel exp\u00e9riment\u00e9 ou si vous avez besoin d&rsquo;une \u00e9quipe compl\u00e8te, nous sommes \u00e0 votre disposition. Ensemble, nous pouvons mener \u00e0 bien vos projets et cr\u00e9er un avantage concurrentiel.  <\/p>\n\n<p>Contactez-nous via le formulaire de calendrier :<\/p>\n\n<!-- Calendly Inline-Widget Beginn -->\n<div class=\"calendly-inline-widget\" data-url=\"https:\/\/calendly.com\/yuhiro\/30_min?hide_event_type_details=1&#038;hide_gdpr_banner=1\" style=\"min-width:320px;height:700px;\"><\/div>\n<script type=\"text\/javascript\" src=\"https:\/\/assets.calendly.com\/assets\/external\/widget.js\" async=\"\"><\/script><!-- Calendly Inline-Widget Ende -->","protected":false},"excerpt":{"rendered":"<p>Comment, en tant que soci\u00e9t\u00e9 d&rsquo;externalisation offshore, nous aidons les agences et les fournisseurs de services informatiques allemands \u00e0 trouver des d\u00e9veloppeurs Laravel en Inde Les progr\u00e8s technologiques et la p\u00e9nurie persistante de comp\u00e9tences en Europe, en particulier en Allemagne, ont incit\u00e9 les entreprises \u00e0 utiliser des<\/p>\n","protected":false},"author":1,"featured_media":3009,"parent":0,"menu_order":0,"comment_status":"closed","ping_status":"closed","template":"page-FullWidth.php","meta":{"_monsterinsights_skip_tracking":false,"_monsterinsights_sitenote_active":false,"_monsterinsights_sitenote_note":"","_monsterinsights_sitenote_category":0,"footnotes":""},"class_list":["post-3040","page","type-page","status-publish","has-post-thumbnail","hentry"],"aioseo_notices":[],"_links":{"self":[{"href":"https:\/\/www.laravel-entwickler.de\/fr\/wp-json\/wp\/v2\/pages\/3040","targetHints":{"allow":["GET"]}}],"collection":[{"href":"https:\/\/www.laravel-entwickler.de\/fr\/wp-json\/wp\/v2\/pages"}],"about":[{"href":"https:\/\/www.laravel-entwickler.de\/fr\/wp-json\/wp\/v2\/types\/page"}],"author":[{"embeddable":true,"href":"https:\/\/www.laravel-entwickler.de\/fr\/wp-json\/wp\/v2\/users\/1"}],"replies":[{"embeddable":true,"href":"https:\/\/www.laravel-entwickler.de\/fr\/wp-json\/wp\/v2\/comments?post=3040"}],"version-history":[{"count":1,"href":"https:\/\/www.laravel-entwickler.de\/fr\/wp-json\/wp\/v2\/pages\/3040\/revisions"}],"predecessor-version":[{"id":3041,"href":"https:\/\/www.laravel-entwickler.de\/fr\/wp-json\/wp\/v2\/pages\/3040\/revisions\/3041"}],"wp:featuredmedia":[{"embeddable":true,"href":"https:\/\/www.laravel-entwickler.de\/fr\/wp-json\/wp\/v2\/media\/3009"}],"wp:attachment":[{"href":"https:\/\/www.laravel-entwickler.de\/fr\/wp-json\/wp\/v2\/media?parent=3040"}],"curies":[{"name":"wp","href":"https:\/\/api.w.org\/{rel}","templated":true}]}}