{"id":3093,"date":"2024-12-22T08:09:32","date_gmt":"2024-12-22T07:09:32","guid":{"rendered":"https:\/\/www.laravel-entwickler.de\/in-che-modo-noi-come-azienda-di-outsourcing-offshore-supportiamo-le-agenzie-tedesche-e-i-fornitori-di-servizi-it-nella-loro-ricerca-di-sviluppatori-laravel-in-india\/"},"modified":"2024-12-22T08:35:52","modified_gmt":"2024-12-22T07:35:52","slug":"in-che-modo-noi-come-azienda-di-outsourcing-offshore-supportiamo-le-agenzie-tedesche-e-i-fornitori-di-servizi-it-nella-loro-ricerca-di-sviluppatori-laravel-in-india","status":"publish","type":"page","link":"https:\/\/www.laravel-entwickler.de\/it\/","title":{"rendered":"In che modo noi, come azienda di outsourcing offshore, supportiamo le agenzie tedesche e i fornitori di servizi IT nella loro ricerca di sviluppatori Laravel in India"},"content":{"rendered":"\n<h2 class=\"wp-block-heading\">In che modo noi, come azienda di outsourcing offshore, supportiamo le agenzie tedesche e i fornitori di servizi IT nella loro ricerca di sviluppatori Laravel in India<\/h2>\n<div class=\"wp-block-image\">\n<figure class=\"aligncenter size-full\"><img loading=\"lazy\" decoding=\"async\" width=\"575\" height=\"300\" src=\"https:\/\/www.laravel-entwickler.de\/wp-content\/uploads\/2024\/12\/Laravel-Entwickler.jpg\" alt=\"\" class=\"wp-image-3004\" srcset=\"https:\/\/www.laravel-entwickler.de\/wp-content\/uploads\/2024\/12\/Laravel-Entwickler.jpg 575w, https:\/\/www.laravel-entwickler.de\/wp-content\/uploads\/2024\/12\/Laravel-Entwickler-300x157.jpg 300w\" sizes=\"auto, (max-width: 575px) 100vw, 575px\" \/><\/figure><\/div>\n<p>I progressi tecnologici e la continua carenza di competenze in Europa, in particolare in Germania, hanno portato le aziende a utilizzare approcci innovativi come l&#8217;outsourcing offshore per soddisfare le loro esigenze informatiche. Lavorando con societ\u00e0 di outsourcing offshore, le agenzie e i fornitori di servizi IT tedeschi possono accedere a sviluppatori qualificati riducendo i costi.   <\/p>\n\n<p>Gli sviluppatori Laravel, in particolare, sono molto richiesti grazie alla crescente popolarit\u00e0 di questo framework PHP. In questa sede vogliamo mostrare come le aziende di outsourcing offshore come la nostra aiutino a trovare questi specialisti in India e a integrarli in modo efficiente nei progetti. <\/p>\n\n<h3 class=\"wp-block-heading\"><strong>Perch\u00e9 Laravel?<\/strong><\/h3>\n\n<p>Laravel \u00e8 un framework PHP moderno, versatile e potente che semplifica lo sviluppo di applicazioni web. Si distingue per la sua sintassi chiara, le ampie funzioni e gli strumenti come Eloquent ORM, Blade Templates e la sicurezza integrata. Le aziende utilizzano Laravel per creare applicazioni scalabili, performanti e manutenibili. La domanda di sviluppatori Laravel qualificati \u00e8 aumentata in tutto il mondo e le agenzie tedesche e i fornitori di servizi IT stanno affrontando la sfida di trovare i talenti giusti.   <\/p>\n\n<h3 class=\"wp-block-heading\"><strong>Le sfide per le aziende tedesche<\/strong><\/h3>\n\n<ol start=\"1\" class=\"wp-block-list\">\n<li><strong>Carenza di manodopera qualificata<\/strong>: la Germania soffre di una forte carenza di specialisti IT. La domanda sta superando l&#8217;offerta, il che comporta cicli di assunzione pi\u00f9 lunghi e costi salariali pi\u00f9 elevati. <\/li>\n\n\n\n<li><strong>Costi<\/strong>: le aspettative salariali degli sviluppatori Laravel in Germania sono spesso elevate, soprattutto per le piccole e medie imprese e le start-up.<\/li>\n\n\n\n<li><strong>Tempo richiesto<\/strong>: il processo di reclutamento pu\u00f2 richiedere molto tempo e ritardare i progetti.<\/li>\n\n\n\n<li><strong>Mancanza di specializzazione<\/strong>: \u00e8 difficile trovare sviluppatori con esperienza specializzata in Laravel.<\/li>\n<\/ol>\n\n<h3 class=\"wp-block-heading\"><strong>Vantaggi di lavorare con un&#8217;azienda di outsourcing offshore in India<\/strong><\/h3>\n\n<p>L&#8217;India si \u00e8 affermata come centro globale per i servizi IT e offre un numero enorme di sviluppatori software qualificati, tra cui gli esperti di Laravel. Ecco i vantaggi che offriamo come azienda di outsourcing offshore: <\/p>\n\n<ol start=\"1\" class=\"wp-block-list\">\n<li><strong>Accesso a un ampio bacino di talenti<\/strong>: l&#8217;India dispone di un gran numero di sviluppatori altamente qualificati che conoscono le tecnologie e i framework pi\u00f9 recenti, come Laravel.<\/li>\n\n\n\n<li><strong>Efficienza dei costi<\/strong>: il costo del lavoro in India \u00e8 significativamente pi\u00f9 basso rispetto alla Germania. Questo permette alle aziende di utilizzare meglio i loro budget IT e di ottenere comunque risultati di alta qualit\u00e0. <\/li>\n\n\n\n<li><strong>Personale IT<\/strong>: offriamo il cosiddetto modello di personale IT, con il quale puoi ampliare i tuoi team con programmatori in India.<\/li>\n\n\n\n<li><strong>Scalabilit\u00e0<\/strong>: grazie alla nostra rete, possiamo reagire rapidamente all&#8217;evoluzione dei requisiti e scalare i team.<\/li>\n<\/ol>\n<div class=\"wp-block-image\">\n<figure class=\"aligncenter size-full\"><img loading=\"lazy\" decoding=\"async\" width=\"575\" height=\"300\" src=\"https:\/\/www.laravel-entwickler.de\/wp-content\/uploads\/2024\/12\/IT-Outsourcing.jpg\" alt=\"\" class=\"wp-image-3016\" srcset=\"https:\/\/www.laravel-entwickler.de\/wp-content\/uploads\/2024\/12\/IT-Outsourcing.jpg 575w, https:\/\/www.laravel-entwickler.de\/wp-content\/uploads\/2024\/12\/IT-Outsourcing-300x157.jpg 300w\" sizes=\"auto, (max-width: 575px) 100vw, 575px\" \/><\/figure><\/div>\n<h3 class=\"wp-block-heading\"><strong>Come trovare il giusto sviluppatore Laravel<\/strong><\/h3>\n\n<p>Il nostro metodo per individuare e reclutare sviluppatori Laravel prevede diverse fasi:<\/p>\n\n<ol start=\"1\" class=\"wp-block-list\">\n<li><strong>Analisi dei requisiti<\/strong> Iniziamo con una discussione dettagliata per capire i requisiti specifici del cliente. Che tipo di progetto Laravel si sta realizzando? Sono necessarie conoscenze particolari come l&#8217;integrazione di API, piattaforme di e-commerce o migrazioni?  <\/li>\n\n\n\n<li><strong>Accesso a una rete consolidata<\/strong> Grazie alla nostra vasta rete nel settore IT in India, abbiamo accesso a un&#8217;ampia gamma di talenti. Utilizziamo piattaforme, referral e database collaudati per individuare i migliori candidati. <\/li>\n\n\n\n<li><strong>Valutazione tecnica<\/strong> I nostri esperti selezionatori tecnici verificano le competenze dei candidati attraverso test tecnici, revisioni del codice e colloqui di codifica dal vivo. Particolare attenzione \u00e8 rivolta alle competenze in Laravel e in altre tecnologie rilevanti come MySQL, Vue.js, Docker e AWS. <\/li>\n\n\n\n<li><strong>Adattamento culturale e comunicazione<\/strong> Oltre alle competenze tecniche, attribuiamo grande importanza all&#8217;adattamento culturale e alle capacit\u00e0 di comunicazione. Poich\u00e9 gli sviluppatori lavorano a stretto contatto con i team tedeschi, \u00e8 importante che parlino correntemente l&#8217;inglese e che conoscano il modo di lavorare delle aziende europee. <\/li>\n\n\n\n<li><strong>Onboarding e supporto<\/strong> Non appena viene selezionato uno sviluppatore, supportiamo il processo di onboarding in modo che la collaborazione si svolga senza intoppi. Ci assicuriamo che gli sviluppatori abbiano accesso agli strumenti e alle risorse necessarie e che si integrino rapidamente nei team esistenti. <\/li>\n<\/ol>\n\n<h3 class=\"wp-block-heading\"><strong>Storie di successo<\/strong><\/h3>\n\n<p>Alcuni dei nostri progetti precedenti illustrano l&#8217;efficacia dell&#8217;outsourcing offshore nella pratica:<\/p>\n\n<ul class=\"wp-block-list\">\n<li><strong>Progetto: Sviluppo di una piattaforma di e-commerce<\/strong> Un fornitore di servizi IT tedesco cercava un esperto di Laravel per sviluppare una piattaforma di e-commerce scalabile. Nel giro di due settimane siamo stati in grado di fornire uno sviluppatore esperto che ha completato con successo la piattaforma rispettando i tempi e il budget concordati. <\/li>\n\n\n\n<li><strong>Progetto: integrazione API<\/strong> Un&#8217;agenzia digitale in Germania aveva bisogno di supporto per l&#8217;integrazione di API complesse in un sistema Laravel esistente. I nostri sviluppatori hanno fornito soluzioni precise ed efficienti, aumentando la produttivit\u00e0 del team dell&#8217;agenzia. <\/li>\n<\/ul>\n\n<h3 class=\"wp-block-heading\"><strong>Cooperazione: trasparenza e comunicazione<\/strong><\/h3>\n\n<p>Una stretta collaborazione e una comunicazione chiara sono fondamentali per il successo dei progetti offshore. Ci assicuriamo che: <\/p>\n\n<ol start=\"1\" class=\"wp-block-list\">\n<li><strong>Aggiornamenti regolari<\/strong>: i nostri sviluppatori utilizzeranno i tuoi stessi strumenti (ad esempio Jira, Trello o Asana) per tenere traccia delle attivit\u00e0 e visualizzare i progressi in modo trasparente.<\/li>\n\n\n\n<li><strong>Trasparenza<\/strong>: siamo trasparenti nella nostra collaborazione con te e il tuo team.<\/li>\n\n\n\n<li><strong>Garanzia di qualit\u00e0<\/strong>: ti consigliamo di avere un programmatore interno che coordini le attivit\u00e0 con gli sviluppatori in India. Se il titolare dell&#8217;azienda \u00e8 responsabile del controllo qualit\u00e0, questa persona deve avere familiarit\u00e0 con la programmazione. <\/li>\n<\/ol>\n\n<h3 class=\"wp-block-heading\"><strong>Conclusione<\/strong><\/h3>\n\n<p>Collaborare con un&#8217;azienda di outsourcing offshore pu\u00f2 essere la chiave per risolvere la carenza di competenze delle agenzie e dei fornitori di servizi IT tedeschi. L&#8217;India offre un numero enorme di sviluppatori Laravel qualificati, pronti a supportare progetti complessi con competenza e impegno. <\/p>\n\n<p>La nostra azienda si impegna ad aiutare i clienti tedeschi a trovare i migliori talenti e a fornire loro una soluzione flessibile, economica e di alta qualit\u00e0. Se stai cercando uno sviluppatore Laravel esperto o hai bisogno di un team completo, siamo a tua disposizione. Insieme possiamo realizzare con successo i tuoi progetti e creare un vantaggio competitivo.  <\/p>\n\n<p>Contattaci tramite il modulo del calendario:<\/p>\n\n<!-- Calendly Inline-Widget Beginn -->\n<div class=\"calendly-inline-widget\" data-url=\"https:\/\/calendly.com\/yuhiro\/30_min?hide_event_type_details=1&#038;hide_gdpr_banner=1\" style=\"min-width:320px;height:700px;\"><\/div>\n<script type=\"text\/javascript\" src=\"https:\/\/assets.calendly.com\/assets\/external\/widget.js\" async=\"\"><\/script><!-- Calendly Inline-Widget Ende -->","protected":false},"excerpt":{"rendered":"<p>In che modo noi, come azienda di outsourcing offshore, supportiamo le agenzie tedesche e i fornitori di servizi IT nella loro ricerca di sviluppatori Laravel in India I progressi tecnologici e la continua carenza di competenze in Europa, in particolare in Germania, hanno portato le aziende a<\/p>\n","protected":false},"author":1,"featured_media":3011,"parent":0,"menu_order":0,"comment_status":"closed","ping_status":"closed","template":"page-FullWidth.php","meta":{"_monsterinsights_skip_tracking":false,"_monsterinsights_sitenote_active":false,"_monsterinsights_sitenote_note":"","_monsterinsights_sitenote_category":0,"footnotes":""},"class_list":["post-3093","page","type-page","status-publish","has-post-thumbnail","hentry"],"aioseo_notices":[],"_links":{"self":[{"href":"https:\/\/www.laravel-entwickler.de\/it\/wp-json\/wp\/v2\/pages\/3093","targetHints":{"allow":["GET"]}}],"collection":[{"href":"https:\/\/www.laravel-entwickler.de\/it\/wp-json\/wp\/v2\/pages"}],"about":[{"href":"https:\/\/www.laravel-entwickler.de\/it\/wp-json\/wp\/v2\/types\/page"}],"author":[{"embeddable":true,"href":"https:\/\/www.laravel-entwickler.de\/it\/wp-json\/wp\/v2\/users\/1"}],"replies":[{"embeddable":true,"href":"https:\/\/www.laravel-entwickler.de\/it\/wp-json\/wp\/v2\/comments?post=3093"}],"version-history":[{"count":1,"href":"https:\/\/www.laravel-entwickler.de\/it\/wp-json\/wp\/v2\/pages\/3093\/revisions"}],"predecessor-version":[{"id":3094,"href":"https:\/\/www.laravel-entwickler.de\/it\/wp-json\/wp\/v2\/pages\/3093\/revisions\/3094"}],"wp:featuredmedia":[{"embeddable":true,"href":"https:\/\/www.laravel-entwickler.de\/it\/wp-json\/wp\/v2\/media\/3011"}],"wp:attachment":[{"href":"https:\/\/www.laravel-entwickler.de\/it\/wp-json\/wp\/v2\/media?parent=3093"}],"curies":[{"name":"wp","href":"https:\/\/api.w.org\/{rel}","templated":true}]}}