{"id":3044,"date":"2024-12-22T08:09:32","date_gmt":"2024-12-22T07:09:32","guid":{"rendered":"https:\/\/www.laravel-entwickler.de\/hur-vi-som-ett-offshore-outsourcingfoeretag-stoeder-tyska-byraaer-och-it-tjaensteleverantoerer-i-deras-soekning-efter-laravel-utvecklare-i-indien\/"},"modified":"2024-12-22T08:21:00","modified_gmt":"2024-12-22T07:21:00","slug":"hur-vi-som-ett-offshore-outsourcingfoeretag-stoeder-tyska-byraaer-och-it-tjaensteleverantoerer-i-deras-soekning-efter-laravel-utvecklare-i-indien","status":"publish","type":"page","link":"https:\/\/www.laravel-entwickler.de\/sv\/","title":{"rendered":"Hur vi som ett offshore outsourcingf\u00f6retag st\u00f6der tyska byr\u00e5er och IT-tj\u00e4nsteleverant\u00f6rer i deras s\u00f6kning efter Laravel-utvecklare i Indien"},"content":{"rendered":"\n<h2 class=\"wp-block-heading\">Hur vi som offshore outsourcing-f\u00f6retag st\u00f6der tyska byr\u00e5er och IT-tj\u00e4nsteleverant\u00f6rer i deras s\u00f6kning efter Laravel-utvecklare i Indien<\/h2>\n<div class=\"wp-block-image\">\n<figure class=\"aligncenter size-full\"><img loading=\"lazy\" decoding=\"async\" width=\"575\" height=\"300\" src=\"https:\/\/www.laravel-entwickler.de\/wp-content\/uploads\/2024\/12\/Laravel-Entwickler.jpg\" alt=\"\" class=\"wp-image-3004\" srcset=\"https:\/\/www.laravel-entwickler.de\/wp-content\/uploads\/2024\/12\/Laravel-Entwickler.jpg 575w, https:\/\/www.laravel-entwickler.de\/wp-content\/uploads\/2024\/12\/Laravel-Entwickler-300x157.jpg 300w\" sizes=\"auto, (max-width: 575px) 100vw, 575px\" \/><\/figure><\/div>\n<p>Tekniska framsteg och den p\u00e5g\u00e5ende kompetensbristen i Europa, s\u00e4rskilt i Tyskland, har lett till att f\u00f6retag anv\u00e4nder innovativa metoder som offshore outsourcing f\u00f6r att tillgodose sina IT-behov. Genom att arbeta med offshore outsourcing-f\u00f6retag kan tyska myndigheter och IT-tj\u00e4nsteleverant\u00f6rer f\u00e5 tillg\u00e5ng till skickliga utvecklare samtidigt som kostnaderna minskar.   <\/p>\n\n<p>Laravel-utvecklare i synnerhet \u00e4r mycket efterfr\u00e5gade p\u00e5 grund av den v\u00e4xande populariteten f\u00f6r detta PHP-ramverk. H\u00e4r vill vi visa hur offshore outsourcingf\u00f6retag som v\u00e5rt hj\u00e4lper till att hitta dessa specialister i Indien och integrera dem effektivt i projekt. <\/p>\n\n<h3 class=\"wp-block-heading\"><strong>Varf\u00f6r Laravel?<\/strong><\/h3>\n\n<p>Laravel \u00e4r ett modernt, m\u00e5ngsidigt och kraftfullt PHP-ramverk som f\u00f6renklar utvecklingen av webbapplikationer. Det k\u00e4nnetecknas av sin tydliga syntax, omfattande funktioner och verktyg som Eloquent ORM, Blade Templates och integrerad s\u00e4kerhet. F\u00f6retag anv\u00e4nder Laravel f\u00f6r att skapa skalbara, h\u00f6gpresterande och underh\u00e5llsfria applikationer. Efterfr\u00e5gan p\u00e5 kvalificerade Laravel-utvecklare har \u00f6kat \u00f6ver hela v\u00e4rlden, och tyska byr\u00e5er och IT-tj\u00e4nsteleverant\u00f6rer st\u00e5r inf\u00f6r utmaningen att hitta r\u00e4tt talang.   <\/p>\n\n<h3 class=\"wp-block-heading\"><strong>Utmaningar f\u00f6r tyska f\u00f6retag<\/strong><\/h3>\n\n<ol start=\"1\" class=\"wp-block-list\">\n<li><strong>Brist p\u00e5 kvalificerad arbetskraft<\/strong>: Tyskland lider av en massiv brist p\u00e5 IT-specialister. Efterfr\u00e5gan \u00e4r st\u00f6rre \u00e4n tillg\u00e5ngen, vilket leder till l\u00e4ngre rekryteringscykler och h\u00f6gre l\u00f6nekostnader. <\/li>\n\n\n\n<li><strong>Kostnader<\/strong>: L\u00f6nef\u00f6rv\u00e4ntningarna f\u00f6r Laravel-utvecklare i Tyskland \u00e4r ofta h\u00f6ga, s\u00e4rskilt f\u00f6r sm\u00e5 och medelstora f\u00f6retag och start-ups.<\/li>\n\n\n\n<li><strong>Tids\u00e5tg\u00e5ng<\/strong>: Rekryteringsprocessen kan vara tidskr\u00e4vande, vilket kan f\u00f6rsena projekt.<\/li>\n\n\n\n<li><strong>Brist p\u00e5 specialisering<\/strong>: Det \u00e4r sv\u00e5rt att hitta utvecklare med specialiserad erfarenhet av Laravel.<\/li>\n<\/ol>\n\n<h3 class=\"wp-block-heading\"><strong>F\u00f6rdelar med att arbeta med ett offshore outsourcing-f\u00f6retag i Indien<\/strong><\/h3>\n\n<p>Indien har etablerat sig som ett globalt centrum f\u00f6r IT-tj\u00e4nster och erbjuder ett stort antal skickliga programvaruutvecklare, inklusive Laravel-experter. H\u00e4r \u00e4r de f\u00f6rdelar vi erbjuder som ett offshore outsourcingf\u00f6retag: <\/p>\n\n<ol start=\"1\" class=\"wp-block-list\">\n<li><strong>Tillg\u00e5ng till en stor talangpool<\/strong>: Indien har ett stort antal h\u00f6gkvalificerade utvecklare som \u00e4r bekanta med de senaste teknikerna och ramverken, t.ex. Laravel.<\/li>\n\n\n\n<li><strong>Kostnadseffektivitet<\/strong>: Arbetskraftskostnaderna i Indien \u00e4r betydligt l\u00e4gre \u00e4n i Tyskland. Detta g\u00f6r att f\u00f6retagen kan utnyttja sina IT-budgetar b\u00e4ttre och \u00e4nd\u00e5 uppn\u00e5 h\u00f6gkvalitativa resultat. <\/li>\n\n\n\n<li><strong>IT-bemanning<\/strong>: Vi erbjuder den s\u00e5 kallade IT-bemanningsmodellen, d\u00e4r du kan ut\u00f6ka dina team med programmerare i Indien.<\/li>\n\n\n\n<li><strong>Skalbarhet<\/strong>: Tack vare v\u00e5rt n\u00e4tverk kan vi reagera snabbt p\u00e5 f\u00f6r\u00e4ndrade krav och skala upp v\u00e5ra team.<\/li>\n<\/ol>\n<div class=\"wp-block-image\">\n<figure class=\"aligncenter size-full\"><img loading=\"lazy\" decoding=\"async\" width=\"575\" height=\"300\" src=\"https:\/\/www.laravel-entwickler.de\/wp-content\/uploads\/2024\/12\/IT-Outsourcing.jpg\" alt=\"\" class=\"wp-image-3016\" srcset=\"https:\/\/www.laravel-entwickler.de\/wp-content\/uploads\/2024\/12\/IT-Outsourcing.jpg 575w, https:\/\/www.laravel-entwickler.de\/wp-content\/uploads\/2024\/12\/IT-Outsourcing-300x157.jpg 300w\" sizes=\"auto, (max-width: 575px) 100vw, 575px\" \/><\/figure><\/div>\n<h3 class=\"wp-block-heading\"><strong>S\u00e5 hittar vi r\u00e4tt Laravel-utvecklare<\/strong><\/h3>\n\n<p>V\u00e5r metod f\u00f6r att identifiera och rekrytera Laravel-utvecklare best\u00e5r av flera steg:<\/p>\n\n<ol start=\"1\" class=\"wp-block-list\">\n<li><strong>Kravanalys<\/strong> Vi b\u00f6rjar med en detaljerad diskussion f\u00f6r att f\u00f6rst\u00e5 kundens specifika krav. Vilken typ av Laravel-projekt \u00e4r det som ska implementeras? Kr\u00e4vs det specialkunskaper som API-integration, e-handelsplattformar eller migreringar?  <\/li>\n\n\n\n<li><strong>Tillg\u00e5ng till ett etablerat<\/strong> n\u00e4tverk Genom v\u00e5rt omfattande n\u00e4tverk inom IT-branschen i Indien har vi tillg\u00e5ng till ett brett spektrum av talanger. Vi anv\u00e4nder oss av bepr\u00f6vade plattformar, referenser och databaser f\u00f6r att identifiera de b\u00e4sta kandidaterna. <\/li>\n\n\n\n<li><strong>Teknisk utv\u00e4rdering<\/strong> V\u00e5ra erfarna tekniska rekryterare kontrollerar kandidaternas f\u00e4rdigheter genom tekniska tester, kodgranskningar och live kodningsintervjuer. S\u00e4rskild uppm\u00e4rksamhet \u00e4gnas \u00e5t expertis inom Laravel samt andra relevanta tekniker som MySQL, Vue.js, Docker och AWS. <\/li>\n\n\n\n<li><strong>Kulturanpassning och kommunikation<\/strong> F\u00f6rutom tekniska f\u00e4rdigheter l\u00e4gger vi stor vikt vid kulturanpassning och kommunikationsf\u00f6rm\u00e5ga. Eftersom utvecklarna arbetar n\u00e4ra de tyska teamen \u00e4r det viktigt att de talar flytande engelska och har en f\u00f6rst\u00e5else f\u00f6r hur europeiska f\u00f6retag fungerar. <\/li>\n\n\n\n<li><strong>Onboarding och support<\/strong> S\u00e5 snart en utvecklare har valts ut st\u00f6der vi onboardingprocessen s\u00e5 att samarbetet l\u00f6per smidigt. Vi ser till att utvecklarna har tillg\u00e5ng till n\u00f6dv\u00e4ndiga verktyg och resurser och att de snabbt integreras i befintliga team. <\/li>\n<\/ol>\n\n<h3 class=\"wp-block-heading\"><strong>Framg\u00e5ngsrika ber\u00e4ttelser<\/strong><\/h3>\n\n<p>N\u00e5gra av v\u00e5ra tidigare projekt illustrerar hur effektiv offshore-outsourcing kan vara i praktiken:<\/p>\n\n<ul class=\"wp-block-list\">\n<li><strong>Projekt: Utveckling av en e-handelsplattform<\/strong> En tysk IT-tj\u00e4nsteleverant\u00f6r letade efter en Laravel-expert f\u00f6r att utveckla en skalbar e-handelsplattform. Inom tv\u00e5 veckor kunde vi erbjuda en erfaren utvecklare som framg\u00e5ngsrikt slutf\u00f6rde plattformen inom den \u00f6verenskomna tidsramen och budgeten. <\/li>\n\n\n\n<li><strong>Projekt: API-integration<\/strong> En digital byr\u00e5 i Tyskland beh\u00f6vde hj\u00e4lp med att integrera komplexa API:er i ett befintligt Laravel-system. V\u00e5ra utvecklare levererade exakta och effektiva l\u00f6sningar, vilket \u00f6kade produktiviteten hos byr\u00e5ns team. <\/li>\n<\/ul>\n\n<h3 class=\"wp-block-heading\"><strong>Samarbete: \u00f6ppenhet och kommunikation<\/strong><\/h3>\n\n<p>N\u00e4ra samarbete och tydlig kommunikation \u00e4r avg\u00f6rande f\u00f6r att offshore-projekt ska bli framg\u00e5ngsrika. Vi ser till att: <\/p>\n\n<ol start=\"1\" class=\"wp-block-list\">\n<li><strong>Regelbundna uppdateringar<\/strong>: V\u00e5ra utvecklare kommer att anv\u00e4nda samma verktyg som du (t.ex. Jira, Trello eller Asana) f\u00f6r att sp\u00e5ra uppgifter och visualisera framsteg p\u00e5 ett transparent s\u00e4tt.<\/li>\n\n\n\n<li><strong>\u00d6ppenhet<\/strong>: Vi \u00e4r \u00f6ppna i v\u00e5rt samarbete med dig och ditt team.<\/li>\n\n\n\n<li><strong>Kvalitetss\u00e4kring<\/strong>: Vi rekommenderar att du har en egen programmerare som samordnar uppgifterna med utvecklarna i Indien. Om f\u00f6retagets \u00e4gare \u00e4r ansvarig f\u00f6r kvalitetss\u00e4kringen b\u00f6r han eller hon vara bekant med programmering. <\/li>\n<\/ol>\n\n<h3 class=\"wp-block-heading\"><strong>Slutsats<\/strong><\/h3>\n\n<p>Att arbeta med ett offshore outsourcingf\u00f6retag kan vara nyckeln till att l\u00f6sa kompetensbristen f\u00f6r tyska byr\u00e5er och IT-tj\u00e4nsteleverant\u00f6rer. Indien erbjuder ett enormt antal kvalificerade Laravel-utvecklare som \u00e4r redo att st\u00f6dja komplexa projekt med expertis och engagemang. <\/p>\n\n<p>V\u00e5rt f\u00f6retag \u00e4r dedikerat till att hj\u00e4lpa tyska kunder att hitta de b\u00e4sta talangerna och f\u00f6rse dem med en flexibel, kostnadseffektiv och h\u00f6gkvalitativ l\u00f6sning. Om du letar efter en erfaren Laravel-utvecklare eller beh\u00f6ver ett komplett team, s\u00e5 st\u00e5r vi till ditt f\u00f6rfogande. Tillsammans kan vi framg\u00e5ngsrikt f\u00f6rverkliga dina projekt och skapa en konkurrensf\u00f6rdel.  <\/p>\n\n<p>Kontakta oss via kalenderformul\u00e4ret:<\/p>\n\n<!-- Calendly Inline-Widget Beginn -->\n<div class=\"calendly-inline-widget\" data-url=\"https:\/\/calendly.com\/yuhiro\/30_min?hide_event_type_details=1&#038;hide_gdpr_banner=1\" style=\"min-width:320px;height:700px;\"><\/div>\n<script type=\"text\/javascript\" src=\"https:\/\/assets.calendly.com\/assets\/external\/widget.js\" async=\"\"><\/script><!-- Calendly Inline-Widget Ende -->","protected":false},"excerpt":{"rendered":"<p>Hur vi som offshore outsourcing-f\u00f6retag st\u00f6der tyska byr\u00e5er och IT-tj\u00e4nsteleverant\u00f6rer i deras s\u00f6kning efter Laravel-utvecklare i Indien Tekniska framsteg och den p\u00e5g\u00e5ende kompetensbristen i Europa, s\u00e4rskilt i Tyskland, har lett till att f\u00f6retag anv\u00e4nder innovativa metoder som offshore outsourcing f\u00f6r att tillgodose sina IT-behov. Genom att arbeta<\/p>\n","protected":false},"author":1,"featured_media":3015,"parent":0,"menu_order":0,"comment_status":"closed","ping_status":"closed","template":"page-FullWidth.php","meta":{"_monsterinsights_skip_tracking":false,"_monsterinsights_sitenote_active":false,"_monsterinsights_sitenote_note":"","_monsterinsights_sitenote_category":0,"footnotes":""},"class_list":["post-3044","page","type-page","status-publish","has-post-thumbnail","hentry"],"aioseo_notices":[],"_links":{"self":[{"href":"https:\/\/www.laravel-entwickler.de\/sv\/wp-json\/wp\/v2\/pages\/3044","targetHints":{"allow":["GET"]}}],"collection":[{"href":"https:\/\/www.laravel-entwickler.de\/sv\/wp-json\/wp\/v2\/pages"}],"about":[{"href":"https:\/\/www.laravel-entwickler.de\/sv\/wp-json\/wp\/v2\/types\/page"}],"author":[{"embeddable":true,"href":"https:\/\/www.laravel-entwickler.de\/sv\/wp-json\/wp\/v2\/users\/1"}],"replies":[{"embeddable":true,"href":"https:\/\/www.laravel-entwickler.de\/sv\/wp-json\/wp\/v2\/comments?post=3044"}],"version-history":[{"count":1,"href":"https:\/\/www.laravel-entwickler.de\/sv\/wp-json\/wp\/v2\/pages\/3044\/revisions"}],"predecessor-version":[{"id":3045,"href":"https:\/\/www.laravel-entwickler.de\/sv\/wp-json\/wp\/v2\/pages\/3044\/revisions\/3045"}],"wp:featuredmedia":[{"embeddable":true,"href":"https:\/\/www.laravel-entwickler.de\/sv\/wp-json\/wp\/v2\/media\/3015"}],"wp:attachment":[{"href":"https:\/\/www.laravel-entwickler.de\/sv\/wp-json\/wp\/v2\/media?parent=3044"}],"curies":[{"name":"wp","href":"https:\/\/api.w.org\/{rel}","templated":true}]}}